{"id":1289,"date":"2026-03-29T22:42:45","date_gmt":"2026-03-29T22:42:45","guid":{"rendered":"https:\/\/saxophonlernenwien.at\/?page_id=1289"},"modified":"2026-04-11T18:12:56","modified_gmt":"2026-04-11T18:12:56","slug":"impressum-datenschutz","status":"publish","type":"page","link":"https:\/\/saxophonlernenwien.at\/en\/impressum-datenschutz\/","title":{"rendered":"Impressum &amp; Privacy Policy"},"content":{"rendered":"<div class=\"wp-block-stackable-columns alignfull stk-block-columns stk-block stk-948158f stk-block-background stk--has-background-overlay\" data-id=\"Hero_Samson\" data-block-id=\"948158f\" data-block-type=\"core\"><style>.stk-948158f {background-image:url(https:\/\/saxophonlernenwien.at\/wp-content\/uploads\/2026\/01\/coverbild_final-scaled.webp) !important;min-height:var(--stk--preset--block-height--x-large, 24rem) !important;align-items:center !important;padding-top:var(--stk--preset--spacing--70, 3.38rem) !important;padding-right:var(--stk--preset--spacing--60, 2.25rem) !important;padding-left:var(--stk--preset--spacing--60, 2.25rem) !important;margin-top:var(--stk--preset--spacing--none, 0px) !important;margin-bottom:var(--stk--preset--spacing--none, 0px) !important;display:flex !important;}.stk-948158f:before{background-color:#000000 !important;opacity:0.5 !important;}.stk-948158f-column{row-gap:var(--stk--preset--spacing--none, 0px) !important;}@media screen and (max-width:689px){.stk-948158f {min-height:var(--stk--preset--block-height--x-large, 24rem) !important;}}<\/style><div class=\"stk-row stk-inner-blocks stk-block-content stk-content-align stk-948158f-column alignwide\">\n<div class=\"wp-block-stackable-column stk-block-column stk-column stk-block stk-0e0fa5d\" data-v=\"4\" data-block-id=\"0e0fa5d\"><div class=\"stk-column-wrapper stk-block-column__content stk-container stk-0e0fa5d-container stk--no-background stk--no-padding\"><div class=\"stk-block-content stk-inner-blocks stk-0e0fa5d-inner-blocks\">\n<div class=\"wp-block-stackable-heading stk-block-heading stk-block-heading--v2 stk-block stk-596f26f\" id=\"heading-placeholder\" data-block-id=\"596f26f\"><style>.stk-596f26f {margin-bottom:0px !important;}.stk-596f26f .stk-block-heading__text{color:#ffffff !important;font-family:\"arthead\", Sans-serif !important;}@media screen and (max-width:689px){.stk-596f26f {margin-bottom:0px !important;}.stk-596f26f .stk-block-heading__text{font-size:var(--stk--preset--font-size--medium, 20px) !important;}}<\/style><h1 class=\"stk-block-heading__text has-text-color has-text-align-center\">Saxophone Lessons Vienna<\/h1><\/div>\n\n\n\n<div class=\"wp-block-stackable-text stk-block-text stk-block stk-3779c0f\" data-block-id=\"3779c0f\"><style>.stk-3779c0f .stk-block-text__text{font-size:37px !important;color:#ffffff !important;font-family:\"Advantage\", Sans-serif !important;}@media screen and (max-width:999px){.stk-3779c0f .stk-block-text__text{font-size:37px !important;}}@media screen and (max-width:689px){.stk-3779c0f .stk-block-text__text{font-size:var(--stk--preset--font-size--large, 30px) !important;}}<\/style><p class=\"stk-block-text__text has-text-color has-text-align-center\">Stella Ehmayer<\/p><\/div>\n\n\n\n<div class=\"wp-block-stackable-button-group stk-block-button-group stk-block stk-357a0aa\" data-block-id=\"357a0aa\"><div class=\"stk-row stk-inner-blocks has-text-align-center stk-block-content stk-button-group\">\n<div class=\"wp-block-stackable-button stk-block-button stk-block stk-80e722c\" data-block-id=\"80e722c\"><style>.stk-80e722c .stk-button:before{box-shadow:0px 0px 30px 3px #000000c9 !important;}@media screen and (max-width:689px){.stk-80e722c .stk-button__inner-text{font-size:var(--stk--preset--font-size--small, 13px) !important;}}<\/style><a class=\"stk-link stk-button stk--hover-effect-darken\" href=\"\/kontakt#kostenlose-schnuppereinheit\"><span class=\"stk-button__inner-text\">Free Trial Lesson<\/span><\/a><\/div>\n<\/div><\/div>\n<\/div><\/div><\/div>\n<\/div><\/div>\n\n\n\n\n\n<div class=\"wp-block-stackable-columns alignfull stk-block-columns stk-block stk-19746f4\" data-block-id=\"19746f4\"><style>.stk-19746f4 {padding-top:var(--stk--preset--spacing--70, 3.38rem) !important;padding-right:var(--stk--preset--spacing--70, 3.38rem) !important;padding-bottom:var(--stk--preset--spacing--70, 3.38rem) !important;padding-left:var(--stk--preset--spacing--70, 3.38rem) !important;}@media screen and (max-width:689px){.stk-19746f4 {padding-top:var(--stk--preset--spacing--40, 1rem) !important;padding-right:var(--stk--preset--spacing--40, 1rem) !important;padding-bottom:var(--stk--preset--spacing--40, 1rem) !important;padding-left:var(--stk--preset--spacing--40, 1rem) !important;}}<\/style><div class=\"stk-row stk-inner-blocks stk-block-content stk-content-align stk-19746f4-column alignfull\">\n<div class=\"wp-block-stackable-column stk-block-column stk-column stk-block stk-18729dd\" data-v=\"4\" data-block-id=\"18729dd\"><div class=\"stk-column-wrapper stk-block-column__content stk-container stk-18729dd-container stk--no-background stk--no-padding\"><div class=\"stk-block-content stk-inner-blocks stk-18729dd-inner-blocks\">\n<div class=\"wp-block-stackable-heading stk-block-heading stk-block-heading--v2 stk-block stk-de971f4\" id=\"impressum\" data-block-id=\"de971f4\"><h2 class=\"stk-block-heading__text\">Impressum<\/h2><\/div>\n\n\n\n<p data-block-type=\"core\">Impressum: Angaben gem\u00e4\u00df \u00a7 5 ECG und \u00a7 24 Mediengesetz<br>Unternehmensgegenstand:<br>Saxophonunterricht und musikalische Ausbildung<br>Medieninhaberin und f\u00fcr den Inhalt verantwortlich:<br>Stella-Michaela Ehmayer<\/p>\n\n\n\n<p data-block-type=\"core\">Stella-Michaela Ehmayer<br>Hasnerstra\u00dfe 21<br>4020 Linz \u00d6sterreich<br>E-Mail: Stella97@gmx.at<br>Telefon: +43 660&nbsp;5457073<\/p>\n\n\n\n<div class=\"wp-block-stackable-heading stk-block-heading stk-block-heading--v2 stk-block stk-49bec94\" id=\"datenschutzerklarung\" data-block-id=\"49bec94\"><h1 class=\"stk-block-heading__text\">Datenschutzerkl\u00e4rung<\/h1><\/div>\n\n\n\n<div class=\"wp-block-stackable-heading stk-block-heading stk-block-heading--v2 stk-block stk-af5ba95\" id=\"1-verantwortliche-fur-die-datenverarbeitung\" data-block-id=\"af5ba95\"><h2 class=\"stk-block-heading__text\">1. Verantwortliche f\u00fcr die Datenverarbeitung<\/h2><\/div>\n\n\n\n<p data-block-type=\"core\">Verantwortlich f\u00fcr die Erhebung, Verarbeitung und Nutzung Ihrer personenbezogenen Daten im Sinne der DSGVO ist:<\/p>\n\n\n\n<p data-block-type=\"core\"><strong>Stella Ehmayer<\/strong> Hasnerstra\u00dfe 21 4020 Linz E-Mail: stella97@gmx.at Telefon: +43 660 5457073<\/p>\n\n\n\n<div class=\"wp-block-stackable-heading stk-block-heading stk-block-heading--v2 stk-block stk-400fc6b\" id=\"2-hosting-und-server-log-files\" data-block-id=\"400fc6b\"><h2 class=\"stk-block-heading__text\">2. Hosting und Server-Log-Files<\/h2><\/div>\n\n\n\n<p data-block-type=\"core\">Diese Website wird bei einem externen Dienstleister gehostet. Um die Sicherheit und Funktionalit\u00e4t der Website zu gew\u00e4hrleisten, erhebt der Provider automatisch Informationen, die Ihr Browser automatisch an uns \u00fcbermittelt. Dies sind:<\/p>\n\n\n\n<ul class=\"wp-block-list\" data-block-type=\"core\">\n<li data-block-type=\"core\">Browsertyp und Browserversion<\/li>\n\n\n\n<li data-block-type=\"core\">Verwendetes Betriebssystem<\/li>\n\n\n\n<li data-block-type=\"core\">Referrer URL (die zuvor besuchte Seite)<\/li>\n\n\n\n<li data-block-type=\"core\">Hostname des zugreifenden Rechners (IP-Adresse)<\/li>\n\n\n\n<li data-block-type=\"core\">Uhrzeit der Serveranfrage<\/li>\n<\/ul>\n\n\n\n<p data-block-type=\"core\">Diese Daten sind technisch notwendig und werden auf Grundlage unseres berechtigten Interesses (Art. 6 Abs. 1 lit. f DSGVO) an einer fehlerfreien Darstellung und Sicherheit der Website verarbeitet. Die Daten werden nach sp\u00e4testens 14 Tagen gel\u00f6scht oder anonymisiert.<\/p>\n\n\n\n<div class=\"wp-block-stackable-heading stk-block-heading stk-block-heading--v2 stk-block stk-99be2c3\" id=\"3-kontaktformular\" data-block-id=\"99be2c3\"><h2 class=\"stk-block-heading__text\">3. Kontaktformular<\/h2><\/div>\n\n\n\n<p data-block-type=\"core\">Wenn Sie uns per Kontaktformular Anfragen zukommen lassen, werden Ihre Angaben aus dem Anfrageformular inklusive der von Ihnen dort angegebenen Kontaktdaten (Name, E-Mail-Adresse) zwecks Bearbeitung der Anfrage und f\u00fcr den Fall von Anschlussfragen bei uns gespeichert.<\/p>\n\n\n\n<ul class=\"wp-block-list\" data-block-type=\"core\">\n<li data-block-type=\"core\"><strong>Rechtsgrundlage:<\/strong> Die Verarbeitung erfolgt auf Grundlage Ihrer Einwilligung (Art. 6 Abs. 1 lit. a DSGVO) oder zur Durchf\u00fchrung vorvertraglicher Ma\u00dfnahmen (Art. 6 Abs. 1 lit. b DSGVO).<\/li>\n\n\n\n<li data-block-type=\"core\"><strong>Speicherdauer:<\/strong> Wir l\u00f6schen diese Daten, sobald der Zweck der Speicherung entf\u00e4llt, sofern keine gesetzlichen Aufbewahrungspflichten entgegenstehen.<\/li>\n<\/ul>\n\n\n\n<div class=\"wp-block-stackable-heading stk-block-heading stk-block-heading--v2 stk-block stk-7dd0e7c\" id=\"4-cookies\" data-block-id=\"7dd0e7c\"><h2 class=\"stk-block-heading__text\">4. Cookies<\/h2><\/div>\n\n\n\n<p data-block-type=\"core\">Unsere Website verwendet WordPress-Standard-Cookies. Das sind kleine Textdateien, die auf Ihrem Endger\u00e4t gespeichert werden.<\/p>\n\n\n\n<ul class=\"wp-block-list\" data-block-type=\"core\">\n<li data-block-type=\"core\"><strong>Technisch notwendige Cookies:<\/strong> Diese sind erforderlich, um Grundfunktionen der Website zu erm\u00f6glichen (z.B. Sprachauswahl durch das Plugin f\u00fcr Mehrsprachigkeit).<\/li>\n\n\n\n<li data-block-type=\"core\"><strong>Einwilligung:<\/strong> Wir setzen keine Analyse- oder Tracking-Cookies (wie Google Analytics) ohne Ihre explizite Zustimmung ein. Sie k\u00f6nnen Cookies in Ihren Browsereinstellungen jederzeit l\u00f6schen oder deaktivieren.<\/li>\n<\/ul>\n\n\n\n<div class=\"wp-block-stackable-heading stk-block-heading stk-block-heading--v2 stk-block stk-ead1550\" id=\"5-ssl-verschlusselung\" data-block-id=\"ead1550\"><h2 class=\"stk-block-heading__text\">5. SSL-Verschl\u00fcsselung<\/h2><\/div>\n\n\n\n<p data-block-type=\"core\">Um die Sicherheit Ihrer Daten bei der \u00dcbertragung zu sch\u00fctzen, verwenden wir dem aktuellen Stand der Technik entsprechende Verschl\u00fcsselungsverfahren (z. B. SSL\/TLS) \u00fcber HTTPS. Sie erkennen eine verschl\u00fcsselte Verbindung an der Zeichenfolge \u201ehttps:\/\/\u201c und dem Schloss-Symbol in Ihrer Browserzeile.<\/p>\n\n\n\n<div class=\"wp-block-stackable-heading stk-block-heading stk-block-heading--v2 stk-block stk-5f8df60\" id=\"6-ihre-rechte\" data-block-id=\"5f8df60\"><h2 class=\"stk-block-heading__text\">6. Ihre Rechte<\/h2><\/div>\n\n\n\n<p id=\"p-rc_cc4656a18e3484d0-108\" data-block-type=\"core\">Ihnen stehen grunds\u00e4tzlich die Rechte auf Auskunft, Berichtigung, L\u00f6schung, Einschr\u00e4nkung, Daten\u00fcbertragbarkeit, Widerruf und Widerspruch zu. Wenn Sie glauben, dass die Verarbeitung Ihrer Daten gegen das Datenschutzrecht verst\u00f6\u00dft oder Ihre datenschutzrechtlichen Anspr\u00fcche sonst in einer Weise verletzt worden sind, k\u00f6nnen Sie sich bei uns oder der Aufsichtsbeh\u00f6rde beschweren.<sup><\/sup><\/p>\n\n\n\n<p data-block-type=\"core\"><\/p>\n<\/div><\/div><\/div>\n<\/div><\/div>","protected":false},"excerpt":{"rendered":"<p>Impressum Impressum: Angaben gem\u00e4\u00df \u00a7 5 ECG und \u00a7 24 MediengesetzUnternehmensgegenstand:Saxophonunterricht und musikalische AusbildungMedieninhaberin und f\u00fcr den Inhalt verantwortlich:Stella-Michaela Ehmayer Stella-Michaela EhmayerHasnerstra\u00dfe 214020 Linz \u00d6sterreichE-Mail: Stella97@gmx.atTelefon: +43 660&nbsp;5457073 Datenschutzerkl\u00e4rung 1. Verantwortliche f\u00fcr die Datenverarbeitung Verantwortlich f\u00fcr die Erhebung, Verarbeitung und Nutzung Ihrer personenbezogenen Daten im Sinne der DSGVO ist: Stella Ehmayer Hasnerstra\u00dfe 21 4020 Linz [&hellip;]<\/p>\n","protected":false},"author":1,"featured_media":0,"parent":0,"menu_order":0,"comment_status":"closed","ping_status":"closed","template":"","meta":{"footnotes":""},"class_list":["post-1289","page","type-page","status-publish","hentry"],"blocksy_meta":[],"_links":{"self":[{"href":"https:\/\/saxophonlernenwien.at\/en\/wp-json\/wp\/v2\/pages\/1289","targetHints":{"allow":["GET"]}}],"collection":[{"href":"https:\/\/saxophonlernenwien.at\/en\/wp-json\/wp\/v2\/pages"}],"about":[{"href":"https:\/\/saxophonlernenwien.at\/en\/wp-json\/wp\/v2\/types\/page"}],"author":[{"embeddable":true,"href":"https:\/\/saxophonlernenwien.at\/en\/wp-json\/wp\/v2\/users\/1"}],"replies":[{"embeddable":true,"href":"https:\/\/saxophonlernenwien.at\/en\/wp-json\/wp\/v2\/comments?post=1289"}],"version-history":[{"count":5,"href":"https:\/\/saxophonlernenwien.at\/en\/wp-json\/wp\/v2\/pages\/1289\/revisions"}],"predecessor-version":[{"id":1335,"href":"https:\/\/saxophonlernenwien.at\/en\/wp-json\/wp\/v2\/pages\/1289\/revisions\/1335"}],"wp:attachment":[{"href":"https:\/\/saxophonlernenwien.at\/en\/wp-json\/wp\/v2\/media?parent=1289"}],"curies":[{"name":"wp","href":"https:\/\/api.w.org\/{rel}","templated":true}]}}