{"id":751,"date":"2026-02-11T23:51:39","date_gmt":"2026-02-11T23:51:39","guid":{"rendered":"https:\/\/saxophonlernenwien.at\/?page_id=751"},"modified":"2026-04-11T18:07:38","modified_gmt":"2026-04-11T18:07:38","slug":"kontakt","status":"publish","type":"page","link":"https:\/\/saxophonlernenwien.at\/en\/kontakt\/","title":{"rendered":"Contact"},"content":{"rendered":"<div class=\"wp-block-stackable-columns alignfull stk-block-columns stk-block stk-948158f stk-block-background stk--has-background-overlay\" data-id=\"Hero_Samson\" data-block-id=\"948158f\" data-block-type=\"core\"><style>.stk-948158f {background-image:url(https:\/\/saxophonlernenwien.at\/wp-content\/uploads\/2026\/01\/coverbild_final-scaled.webp) !important;min-height:var(--stk--preset--block-height--x-large, 24rem) !important;align-items:center !important;padding-top:var(--stk--preset--spacing--70, 3.38rem) !important;padding-right:var(--stk--preset--spacing--60, 2.25rem) !important;padding-left:var(--stk--preset--spacing--60, 2.25rem) !important;margin-top:var(--stk--preset--spacing--none, 0px) !important;margin-bottom:var(--stk--preset--spacing--none, 0px) !important;display:flex !important;}.stk-948158f:before{background-color:#000000 !important;opacity:0.5 !important;}.stk-948158f-column{row-gap:var(--stk--preset--spacing--none, 0px) !important;}@media screen and (max-width:689px){.stk-948158f {min-height:var(--stk--preset--block-height--x-large, 24rem) !important;}}<\/style><div class=\"stk-row stk-inner-blocks stk-block-content stk-content-align stk-948158f-column alignwide\">\n<div class=\"wp-block-stackable-column stk-block-column stk-column stk-block stk-0e0fa5d\" data-v=\"4\" data-block-id=\"0e0fa5d\"><div class=\"stk-column-wrapper stk-block-column__content stk-container stk-0e0fa5d-container stk--no-background stk--no-padding\"><div class=\"stk-block-content stk-inner-blocks stk-0e0fa5d-inner-blocks\">\n<div class=\"wp-block-stackable-heading stk-block-heading stk-block-heading--v2 stk-block stk-596f26f\" id=\"heading-placeholder\" data-block-id=\"596f26f\"><style>.stk-596f26f {margin-bottom:0px !important;}.stk-596f26f .stk-block-heading__text{color:#ffffff !important;font-family:\"arthead\", Sans-serif !important;}@media screen and (max-width:689px){.stk-596f26f {margin-bottom:0px !important;}.stk-596f26f .stk-block-heading__text{font-size:var(--stk--preset--font-size--medium, 20px) !important;}}<\/style><h1 class=\"stk-block-heading__text has-text-color has-text-align-center\">Saxophone Lessons Vienna<\/h1><\/div>\n\n\n\n<div class=\"wp-block-stackable-text stk-block-text stk-block stk-3779c0f\" data-block-id=\"3779c0f\"><style>.stk-3779c0f .stk-block-text__text{font-size:37px !important;color:#ffffff !important;font-family:\"Advantage\", Sans-serif !important;}@media screen and (max-width:999px){.stk-3779c0f .stk-block-text__text{font-size:37px !important;}}@media screen and (max-width:689px){.stk-3779c0f .stk-block-text__text{font-size:var(--stk--preset--font-size--large, 30px) !important;}}<\/style><p class=\"stk-block-text__text has-text-color has-text-align-center\">Stella Ehmayer<\/p><\/div>\n\n\n\n<div class=\"wp-block-stackable-button-group stk-block-button-group stk-block stk-357a0aa\" data-block-id=\"357a0aa\"><div class=\"stk-row stk-inner-blocks has-text-align-center stk-block-content stk-button-group\">\n<div class=\"wp-block-stackable-button stk-block-button stk-block stk-80e722c\" data-block-id=\"80e722c\"><style>.stk-80e722c .stk-button:before{box-shadow:0px 0px 30px 3px #000000c9 !important;}@media screen and (max-width:689px){.stk-80e722c .stk-button__inner-text{font-size:var(--stk--preset--font-size--small, 13px) !important;}}<\/style><a class=\"stk-link stk-button stk--hover-effect-darken\" href=\"\/kontakt#kostenlose-schnuppereinheit\"><span class=\"stk-button__inner-text\">Free Trial Lesson<\/span><\/a><\/div>\n<\/div><\/div>\n<\/div><\/div><\/div>\n<\/div><\/div>\n\n\n\n\n\n<div class=\"wp-block-stackable-columns alignfull stk-block-columns stk-block stk-ee8e4ee stk-block-background stk--background-scheme--scheme-default-2\" id=\"musikunterricht-in-entspannter-atmosphare\" data-block-id=\"ee8e4ee\"><style>.stk-ee8e4ee .stk--block-align-ee8e4ee{align-items:center !important;}.stk-ee8e4ee {padding-top:var(--stk--preset--spacing--70, 3.38rem) !important;padding-right:var(--stk--preset--spacing--80, 5.06rem) !important;padding-bottom:var(--stk--preset--spacing--70, 3.38rem) !important;padding-left:var(--stk--preset--spacing--80, 5.06rem) !important;margin-top:var(--stk--preset--spacing--none, 0px) !important;margin-right:var(--stk--preset--spacing--none, 0px) !important;margin-bottom:var(--stk--preset--spacing--none, 0px) !important;margin-left:var(--stk--preset--spacing--none, 0px) !important;}.stk-ee8e4ee-column{--stk-columns-spacing:var(--stk--preset--spacing--none, 0px) !important;--stk-column-gap:var(--stk--preset--spacing--60, 2.25rem) !important;}@media screen and (max-width:999px){.stk-ee8e4ee {padding-right:var(--stk--preset--spacing--50, 1.5rem) !important;padding-left:var(--stk--preset--spacing--50, 1.5rem) !important;}.stk-ee8e4ee-column{--stk-column-gap:var(--stk--preset--spacing--50, 1.5rem) !important;}}@media screen and (max-width:689px){.stk-ee8e4ee {padding-top:var(--stk--preset--spacing--60, 2.25rem) !important;padding-right:var(--stk--preset--spacing--40, 1rem) !important;padding-bottom:var(--stk--preset--spacing--60, 2.25rem) !important;padding-left:var(--stk--preset--spacing--40, 1rem) !important;--stk-col-order-1:2 !important;--stk-col-order-2:1 !important;}.stk-ee8e4ee-column{--stk-columns-spacing:var(--stk--preset--spacing--none, 0px) !important;--stk-column-gap:var(--stk--preset--spacing--none, 0px) !important;row-gap:var(--stk--preset--spacing--40, 1rem) !important;}}<\/style><div class=\"stk-row stk-inner-blocks stk--block-align-ee8e4ee stk-block-content stk-content-align stk-ee8e4ee-column alignfull\">\n<div class=\"wp-block-stackable-column stk-block-column stk-column stk-block stk-27d4bfb\" data-v=\"4\" data-block-id=\"27d4bfb\"><div class=\"stk-column-wrapper stk-block-column__content stk-container stk-27d4bfb-container stk--no-background stk--no-padding\"><div class=\"has-text-align-left stk-block-content stk-inner-blocks stk-27d4bfb-inner-blocks\">\n<div class=\"wp-block-stackable-heading stk-block-heading stk-block-heading--v2 stk-block stk-1061400\" id=\"kostenlose-schnuppereinheit\" data-block-id=\"1061400\"><style>.stk-1061400 .stk-block-heading__bottom-line{height:2px !important;width:85% !important;background-color:var(--theme-palette-color-1, #CD6561) !important;}.stk-1061400 {margin-bottom:10px !important;}.stk-1061400 .stk-block-heading__text{font-size:var(--stk--preset--font-size--large, 30px) !important;}@media screen and (max-width:999px){.stk-1061400 .stk-block-heading__text{font-size:var(--stk--preset--font-size--large, 30px) !important;}}@media screen and (max-width:689px){.stk-1061400 .stk-block-heading__text{font-size:19px !important;}}<\/style><h3 class=\"stk-block-heading__text has-text-align-left\">Free Trial Lesson<\/h3><div class=\"stk-block-heading__bottom-line\"><\/div><\/div>\n\n\n\n<div class=\"wp-block-stackable-text stk-block-text stk-block stk-58e6e28\" id=\"heading-placeholder\" data-block-id=\"58e6e28\"><style>.stk-58e6e28 {margin-bottom:20px !important;}@media screen and (max-width:689px){.stk-58e6e28 {max-width:100% !important;min-width:auto !important;}}<\/style><p class=\"stk-block-text__text has-text-align-left-mobile\">Before you decide on a course, I want to invite you to a free, 25-minute trial lesson. During this time we can get to know each other, I'll introduce you to the different lesson modules, and you can play something for me if you like.<\/p><\/div>\n\n\n\n<div class=\"wp-block-stackable-text stk-block-text stk-block stk-d8b4463\" data-block-id=\"d8b4463\"><p class=\"stk-block-text__text translation-block\">The trial lesson is <strong>non-binding<\/strong> and <strong>free<\/strong> \u2013 simply use the following contact form to arrange an appointment:<\/p><\/div>\n<\/div><\/div><\/div>\n<\/div><\/div>\n\n\n\n<div class=\"wp-block-stackable-columns alignfull stk-block-columns stk-block stk-f3c3d31\" data-block-id=\"f3c3d31\"><style>.stk-f3c3d31 .stk--block-align-f3c3d31{align-items:center !important;}.stk-f3c3d31 {padding-bottom:var(--stk--preset--spacing--none, 0px) !important;margin-bottom:0px !important;}.stk-f3c3d31-column{row-gap:var(--stk--preset--spacing--none, 0px) !important;}@media screen and (max-width:689px){.stk-f3c3d31 {padding-top:var(--stk--preset--spacing--none, 0px) !important;padding-right:var(--stk--preset--spacing--none, 0px) !important;padding-bottom:var(--stk--preset--spacing--none, 0px) !important;padding-left:var(--stk--preset--spacing--none, 0px) !important;}.stk-f3c3d31-column{--stk-columns-spacing:var(--stk--preset--spacing--none, 0px) !important;}}<\/style><div class=\"stk-row stk-inner-blocks stk--block-align-f3c3d31 stk-block-content stk-content-align stk-f3c3d31-column alignfull\">\n<div class=\"wp-block-stackable-column stk-block-column stk-column stk-block stk-2da5241 animated fadeIn\" data-v=\"4\" data-block-id=\"2da5241\"><style>.stk-2da5241-container{margin-top:var(--stk--preset--spacing--none, 0px) !important;margin-right:var(--stk--preset--spacing--none, 0px) !important;margin-bottom:var(--stk--preset--spacing--none, 0px) !important;margin-left:var(--stk--preset--spacing--none, 0px) !important;}.stk-2da5241 {align-self:center !important;padding-top:var(--stk--preset--spacing--60, 2.25rem) !important;padding-right:var(--stk--preset--spacing--80, 5.06rem) !important;padding-bottom:var(--stk--preset--spacing--60, 2.25rem) !important;padding-left:var(--stk--preset--spacing--80, 5.06rem) !important;}.stk-2da5241-inner-blocks{justify-content:center !important;}@media screen and (min-width:690px){.stk-2da5241 {flex:var(--stk-flex-grow, 1) 1 calc(50% - var(--stk-column-gap, 0px) * 1 \/ 2 ) !important;}}@media screen and (max-width:689px){.stk-2da5241 {padding-top:var(--stk--preset--spacing--60, 2.25rem) !important;padding-right:var(--stk--preset--spacing--40, 1rem) !important;padding-bottom:var(--stk--preset--spacing--60, 2.25rem) !important;padding-left:var(--stk--preset--spacing--40, 1rem) !important;}}<\/style><div class=\"stk-column-wrapper stk-block-column__content stk-container stk-2da5241-container stk--no-background stk--no-padding\"><div class=\"stk--column-flex stk-block-content stk-inner-blocks stk-2da5241-inner-blocks\">\n<div class=\"wp-block-stackable-heading stk-block-heading stk-block-heading--v2 stk-block stk-3ad088b\" id=\"kontaktformular\" data-block-id=\"3ad088b\"><style>.stk-3ad088b .stk-block-heading__bottom-line{height:2px !important;}.stk-3ad088b {margin-bottom:10px !important;}@media screen and (max-width:689px){.stk-3ad088b {margin-bottom:12px !important;}.stk-3ad088b .stk-block-heading__text{font-size:var(--stk--preset--font-size--large, 30px) !important;}}<\/style><h4 class=\"stk-block-heading__text\">Write me a message \ud83c\udfb7<\/h4><\/div>\n\n\n\n<div class=\"forminator-guttenberg\"><div class=\"forminator-ui forminator-custom-form forminator-custom-form-75 forminator-design--default forminator-custom forminator_ajax\" data-forminator-render=\"0\" data-form=\"forminator-module-75\" data-uid=\"6a0186e9c73fa\"><br\/><\/div><form\n\t\t\t\tid=\"forminator-module-75\"\n\t\t\t\tclass=\"forminator-ui forminator-custom-form forminator-custom-form-75 forminator-design--default forminator-custom forminator_ajax\"\n\t\t\t\tmethod=\"post\"\n\t\t\t\tdata-forminator-render=\"0\"\n\t\t\t\tdata-form-id=\"75\"\n\t\t\t\t data-color-option=\"theme\" data-design=\"default\" data-grid=\"custom\" style=\"display: none;\"\n\t\t\t\tdata-uid=\"6a0186e9c73fa\" action=\"\"\n\t\t\t><div role=\"alert\" aria-live=\"polite\" class=\"forminator-response-message forminator-error\" aria-hidden=\"true\"><\/div><div class=\"forminator-row\"><div id=\"name-1\" class=\"forminator-field-name forminator-col forminator-col-12\"><div class=\"forminator-field\"><input type=\"text\" name=\"name-1\" value=\"\" placeholder=\"Your name\" id=\"forminator-field-name-1_6a0186e9c73fa\" class=\"forminator-input forminator-name--field\" aria-required=\"true\" autocomplete=\"name\" \/><\/div><\/div><\/div><div class=\"forminator-row\"><div id=\"email-1\" class=\"forminator-field-email forminator-col forminator-col-12\"><div class=\"forminator-field\"><input type=\"email\" name=\"email-1\" value=\"\" placeholder=\"Your email\" id=\"forminator-field-email-1_6a0186e9c73fa\" class=\"forminator-input forminator-email--field\" data-required=\"true\" aria-required=\"true\" autocomplete=\"email\" \/><\/div><\/div><\/div><div class=\"forminator-row\"><div id=\"text-1\" class=\"forminator-field-text forminator-col forminator-col-12\"><div class=\"forminator-field\"><input type=\"text\" name=\"text-1\" value=\"\" placeholder=\"Subject\" id=\"forminator-field-text-1_6a0186e9c73fa\" class=\"forminator-input forminator-name--field\" data-required=\"1\" \/><\/div><\/div><\/div><div class=\"forminator-row\"><div id=\"textarea-1\" class=\"forminator-field-textarea forminator-col forminator-col-12\"><div class=\"forminator-field\"><span id=\"forminator-field-textarea-1_6a0186e9c73fa-description\" class=\"forminator-description\"><span data-limit=\"180\" data-type=\"characters\" data-editor=\"\">0 \/ 180<\/span><\/span><textarea name=\"textarea-1\" placeholder=\"Your message\" id=\"forminator-field-textarea-1_6a0186e9c73fa\" class=\"forminator-textarea\" rows=\"6\" style=\"min-height:100px;\" maxlength=\"180\" ><\/textarea><\/div><\/div><\/div><div class=\"forminator-row\"><div id=\"consent-1\" class=\"forminator-field-consent forminator-col forminator-col-12\"><div class=\"forminator-field\"><div class=\"forminator-checkbox__wrapper\"><label id=\"forminator-field-consent-1_6a0186e9c73fa__label\" class=\"forminator-checkbox forminator-consent\" aria-labelledby=\"forminator-field-consent-1_6a0186e9c73fa-label\"><input type=\"checkbox\" name=\"consent-1\" id=\"forminator-field-consent-1_6a0186e9c73fa\" value=\"checked\" aria-labelledby=\"forminator-field-consent-1_6a0186e9c73fa-label\" aria-describedby=\"forminator-field-consent-1_6a0186e9c73fa__description\" data-required=\"true\" aria-required=\"true\" \/><span class=\"forminator-checkbox-box\" aria-hidden=\"true\"><\/span><\/label><div id=\"forminator-field-consent-1_6a0186e9c73fa__description\" class=\"forminator-checkbox__label forminator-consent__label\"><p class=\" translation-block\">Yes, I accept the <a href=\"\/impressum_datenschutz\" target=\"_self\">privacy policy<\/a>.<\/p><\/div><\/div><\/div><\/div><\/div><input type=\"hidden\" name=\"referer_url\" value=\"\" \/><div class=\"forminator-row forminator-row-last\"><div class=\"forminator-col\"><div class=\"forminator-field\"><button class=\"forminator-button forminator-button-submit submit-button-samson\">Send message<\/button><\/div><\/div><\/div><input type=\"hidden\" id=\"forminator_nonce\" name=\"forminator_nonce\" value=\"ee07a45703\" \/><input type=\"hidden\" name=\"_wp_http_referer\" value=\"\/en\/wp-json\/wp\/v2\/pages\/751\" \/><input type=\"hidden\" name=\"form_id\" value=\"75\"><input type=\"hidden\" name=\"page_id\" value=\"751\"><input type=\"hidden\" name=\"form_type\" value=\"default\"><input type=\"hidden\" name=\"current_url\" value=\"https:\/\/saxophonlernenwien.at\/en\/kontakt\/\"><input type=\"hidden\" name=\"render_id\" value=\"0\"><input type=\"hidden\" name=\"action\" value=\"forminator_submit_form_custom-forms\"><label for=\"input_6\" class=\"forminator-hidden\" aria-hidden=\"true\">Please do not fill in this field. <input id=\"input_6\" type=\"text\" name=\"input_6\" value=\"\" autocomplete=\"off\"><\/label><input type=\"hidden\" name=\"trp-form-language\" value=\"en\"\/><\/form><\/div>\n\n\n\n<div class=\"wp-block-stackable-text stk-block-text stk-block stk-cc07d7b\" data-block-id=\"cc07d7b\"><style>.stk-cc07d7b {margin-bottom:0px !important;}<\/style><p class=\"stk-block-text__text\">Email: Stella97@gmx.at<br>Tel. Nr.: +43 660 5457073<br>Address: Diepoldplatz, 1170 Vienna<\/p><\/div>\n<\/div><\/div><\/div>\n\n\n\n<div class=\"wp-block-stackable-column stk-block-column stk-column stk-block stk-d62493a animated fadeIn delay-100ms\" data-v=\"4\" data-block-id=\"d62493a\"><style>.stk-d62493a-container{margin-top:var(--stk--preset--spacing--none, 0px) !important;margin-right:var(--stk--preset--spacing--none, 0px) !important;margin-bottom:var(--stk--preset--spacing--none, 0px) !important;margin-left:var(--stk--preset--spacing--none, 0px) !important;}.stk-d62493a-inner-blocks{row-gap:var(--stk--preset--spacing--none, 0px) !important;}.stk-d62493a {padding-bottom:var(--stk--preset--spacing--none, 0px) !important;margin-bottom:var(--stk--preset--spacing--none, 0px) !important;}@media screen and (min-width:690px){.stk-d62493a {flex:var(--stk-flex-grow, 1) 1 calc(50% - var(--stk-column-gap, 0px) * 1 \/ 2 ) !important;}}<\/style><div class=\"stk-column-wrapper stk-block-column__content stk-container stk-d62493a-container stk--no-background stk--no-padding\"><div class=\"stk-block-content stk-inner-blocks stk-d62493a-inner-blocks\">\n<div class=\"wp-block-stackable-map stk-block-map stk-block stk-0adcae4\" data-block-id=\"0adcae4\"><style>.stk-0adcae4 .stk-block-map__canvas, .stk-0adcae4 iframe{height:600px !important;}@media screen and (max-width:689px){.stk-0adcae4 .stk-block-map__canvas, .stk-0adcae4 iframe{height:352px !important;}}<\/style><iframe\n\t\t\t\t\t\ttitle=\"Embedded content from Google Maps Platform.\"\n\t\t\t\t\t\tsrc=\"https:\/\/maps.google.com\/maps?q=Diepoldplatz&#038;t=&#038;z=17&#038;ie=UTF8&#038;output=embed\"\n\t\t\t\t\t\tstyle=\"border:0;width:100%;max-width:none;max-height:none;height:100%;\"\n\t\t\t\t\t\taria-hidden=\"false\"\n\t\t\t\t\t\ttabindex=\"0\"\n\t\t\t\t\t\tallowfullscreen\n\t\t\t\t\t\tloading=\"lazy\"\n\t\t\t\t\t\tframeborder=\"0\"\n\t\t\t\t\t><\/iframe><\/div>\n<\/div><\/div><\/div>\n<\/div><\/div>","protected":false},"excerpt":{"rendered":"<p>Kostenlose Schnuppereinheit Bevor du dich f\u00fcr einen Unterrichts-Block entscheidest, lade ich dich herzlich zu einer kostenlosen, 25 min\u00fctigen Schnupperstunde ein. Dabei lernen wir uns kennen, ich stelle dir die verschiedenen Unterrichtsbl\u00f6cke vor und du kannst mir \u2013 wenn du m\u00f6chtest \u2013 etwas vorspielen. Die Schnupperstunde ist unverbindlich und kostenlos &#8211; nutze einfach das folgende Kontaktformular, [&hellip;]<\/p>\n","protected":false},"author":1,"featured_media":0,"parent":0,"menu_order":0,"comment_status":"closed","ping_status":"closed","template":"","meta":{"footnotes":""},"class_list":["post-751","page","type-page","status-publish","hentry"],"blocksy_meta":[],"_links":{"self":[{"href":"https:\/\/saxophonlernenwien.at\/en\/wp-json\/wp\/v2\/pages\/751","targetHints":{"allow":["GET"]}}],"collection":[{"href":"https:\/\/saxophonlernenwien.at\/en\/wp-json\/wp\/v2\/pages"}],"about":[{"href":"https:\/\/saxophonlernenwien.at\/en\/wp-json\/wp\/v2\/types\/page"}],"author":[{"embeddable":true,"href":"https:\/\/saxophonlernenwien.at\/en\/wp-json\/wp\/v2\/users\/1"}],"replies":[{"embeddable":true,"href":"https:\/\/saxophonlernenwien.at\/en\/wp-json\/wp\/v2\/comments?post=751"}],"version-history":[{"count":29,"href":"https:\/\/saxophonlernenwien.at\/en\/wp-json\/wp\/v2\/pages\/751\/revisions"}],"predecessor-version":[{"id":1279,"href":"https:\/\/saxophonlernenwien.at\/en\/wp-json\/wp\/v2\/pages\/751\/revisions\/1279"}],"wp:attachment":[{"href":"https:\/\/saxophonlernenwien.at\/en\/wp-json\/wp\/v2\/media?parent=751"}],"curies":[{"name":"wp","href":"https:\/\/api.w.org\/{rel}","templated":true}]}}